{"id":5974,"date":"2024-06-06T22:55:53","date_gmt":"2024-06-06T22:55:53","guid":{"rendered":"https:\/\/africanbikers.ape-marketing.net\/?page_id=5974"},"modified":"2025-06-11T11:13:15","modified_gmt":"2025-06-11T11:13:15","slug":"bicycle-overview","status":"publish","type":"page","link":"https:\/\/africanbikers.com\/en\/fahrrad-uebersicht\/","title":{"rendered":"Bicycle Overview"},"content":{"rendered":"<style>.elementor-5974 .elementor-element.elementor-element-2f5db09{--display:flex;--flex-direction:row;--container-widget-width:calc( ( 1 - var( --container-widget-flex-grow ) ) * 100% );--container-widget-height:100%;--container-widget-flex-grow:1;--container-widget-align-self:stretch;--flex-wrap-mobile:wrap;--align-items:stretch;--gap:10px 10px;--row-gap:10px;--column-gap:10px;--overlay-opacity:0.3;--padding-top:280px;--padding-bottom:100px;--padding-left:0px;--padding-right:0px;}.elementor-5974 .elementor-element.elementor-element-2f5db09:not(.elementor-motion-effects-element-type-background), .elementor-5974 .elementor-element.elementor-element-2f5db09 > .elementor-motion-effects-container > .elementor-motion-effects-layer{background-image:url(\"https:\/\/africanbikers.com\/wp-content\/uploads\/2023\/08\/Twelve-Apostles-scaled-afa8537a.webp\");background-position:center center;background-size:cover;}.elementor-5974 .elementor-element.elementor-element-2f5db09::before, .elementor-5974 .elementor-element.elementor-element-2f5db09 > .elementor-background-video-container::before, .elementor-5974 .elementor-element.elementor-element-2f5db09 > .e-con-inner > .elementor-background-video-container::before, .elementor-5974 .elementor-element.elementor-element-2f5db09 > .elementor-background-slideshow::before, .elementor-5974 .elementor-element.elementor-element-2f5db09 > .e-con-inner > .elementor-background-slideshow::before, .elementor-5974 .elementor-element.elementor-element-2f5db09 > .elementor-motion-effects-container > .elementor-motion-effects-layer::before{--background-overlay:'';background-color:var( --e-global-color-primary );}.elementor-5974 .elementor-element.elementor-element-8185f04{--display:flex;--margin-top:0px;--margin-bottom:0px;--margin-left:0px;--margin-right:0px;}.elementor-5974 .elementor-element.elementor-element-1762dab{text-align:center;}.elementor-5974 .elementor-element.elementor-element-1762dab .elementor-heading-title{font-family:var( --e-global-typography-fe688ec-font-family ), Sans-serif;font-size:var( --e-global-typography-fe688ec-font-size );font-weight:var( --e-global-typography-fe688ec-font-weight );text-transform:var( --e-global-typography-fe688ec-text-transform );line-height:var( --e-global-typography-fe688ec-line-height );letter-spacing:var( --e-global-typography-fe688ec-letter-spacing );word-spacing:var( --e-global-typography-fe688ec-word-spacing );color:var( --e-global-color-accent );}.elementor-5974 .elementor-element.elementor-element-75ed6ea{text-align:center;}.elementor-5974 .elementor-element.elementor-element-75ed6ea .elementor-heading-title{font-family:var( --e-global-typography-secondary-font-family ), Sans-serif;font-size:var( --e-global-typography-secondary-font-size );font-weight:var( --e-global-typography-secondary-font-weight );text-transform:var( --e-global-typography-secondary-text-transform );line-height:var( --e-global-typography-secondary-line-height );color:var( --e-global-color-secondary );}.elementor-5974 .elementor-element.elementor-element-75ed6ea > .elementor-widget-container{margin:0px 0px 0px 0px;}.elementor-5974 .elementor-element.elementor-element-c30da64{--display:flex;--flex-direction:row;--container-widget-width:initial;--container-widget-height:100%;--container-widget-flex-grow:1;--container-widget-align-self:stretch;--flex-wrap-mobile:wrap;--gap:0px 0px;--row-gap:0px;--column-gap:0px;--flex-wrap:wrap;}.elementor-5974 .elementor-element.elementor-element-f273039{--display:flex;--flex-direction:column;--container-widget-width:100%;--container-widget-height:initial;--container-widget-flex-grow:0;--container-widget-align-self:initial;--flex-wrap-mobile:wrap;}.elementor-5974 .elementor-element.elementor-element-f273039.e-con{--flex-grow:0;--flex-shrink:0;}.elementor-5974 .elementor-element.elementor-element-cccbff9{--display:flex;--flex-direction:column;--container-widget-width:100%;--container-widget-height:initial;--container-widget-flex-grow:0;--container-widget-align-self:initial;--flex-wrap-mobile:wrap;}.elementor-5974 .elementor-element.elementor-element-a0e24ee{--display:flex;--flex-direction:row;--container-widget-width:initial;--container-widget-height:100%;--container-widget-flex-grow:1;--container-widget-align-self:stretch;--flex-wrap-mobile:wrap;--gap:0px 0px;--row-gap:0px;--column-gap:0px;--flex-wrap:wrap;}.elementor-5974 .elementor-element.elementor-element-5e53005{--display:flex;--min-height:0px;--flex-direction:column;--container-widget-width:100%;--container-widget-height:initial;--container-widget-flex-grow:0;--container-widget-align-self:initial;--flex-wrap-mobile:wrap;}.elementor-5974 .elementor-element.elementor-element-5e53005.e-con{--flex-grow:0;--flex-shrink:0;}.elementor-5974 .elementor-element.elementor-element-a40ee44{--display:flex;--flex-direction:column;--container-widget-width:100%;--container-widget-height:initial;--container-widget-flex-grow:0;--container-widget-align-self:initial;--flex-wrap-mobile:wrap;}.elementor-5974 .elementor-element.elementor-element-4e2152f{--display:flex;--flex-direction:row;--container-widget-width:initial;--container-widget-height:100%;--container-widget-flex-grow:1;--container-widget-align-self:stretch;--flex-wrap-mobile:wrap;--gap:0px 0px;--row-gap:0px;--column-gap:0px;--flex-wrap:wrap;}.elementor-5974 .elementor-element.elementor-element-fbdbf60{--display:flex;--flex-direction:column;--container-widget-width:100%;--container-widget-height:initial;--container-widget-flex-grow:0;--container-widget-align-self:initial;--flex-wrap-mobile:wrap;}.elementor-5974 .elementor-element.elementor-element-fbdbf60.e-con{--flex-grow:0;--flex-shrink:0;}.elementor-5974 .elementor-element.elementor-element-cc6e3f6{--display:flex;--flex-direction:column;--container-widget-width:100%;--container-widget-height:initial;--container-widget-flex-grow:0;--container-widget-align-self:initial;--flex-wrap-mobile:wrap;}.elementor-5974 .elementor-element.elementor-element-6c6e818{--display:flex;--flex-direction:row;--container-widget-width:initial;--container-widget-height:100%;--container-widget-flex-grow:1;--container-widget-align-self:stretch;--flex-wrap-mobile:wrap;--gap:0px 0px;--row-gap:0px;--column-gap:0px;--flex-wrap:wrap;}.elementor-5974 .elementor-element.elementor-element-2c53fcb{--display:flex;--flex-direction:column;--container-widget-width:100%;--container-widget-height:initial;--container-widget-flex-grow:0;--container-widget-align-self:initial;--flex-wrap-mobile:wrap;}.elementor-5974 .elementor-element.elementor-element-2c53fcb.e-con{--flex-grow:0;--flex-shrink:0;}.elementor-5974 .elementor-element.elementor-element-c0b8197{--display:flex;--flex-direction:column;--container-widget-width:100%;--container-widget-height:initial;--container-widget-flex-grow:0;--container-widget-align-self:initial;--flex-wrap-mobile:wrap;}:root{--page-title-display:none;}@media(max-width:1024px){.elementor-5974 .elementor-element.elementor-element-2f5db09{--padding-top:200px;--padding-bottom:80px;--padding-left:0px;--padding-right:0px;}.elementor-5974 .elementor-element.elementor-element-8185f04{--margin-top:0px;--margin-bottom:0px;--margin-left:20px;--margin-right:20px;}.elementor-5974 .elementor-element.elementor-element-1762dab .elementor-heading-title{font-size:var( --e-global-typography-fe688ec-font-size );line-height:var( --e-global-typography-fe688ec-line-height );letter-spacing:var( --e-global-typography-fe688ec-letter-spacing );word-spacing:var( --e-global-typography-fe688ec-word-spacing );}.elementor-5974 .elementor-element.elementor-element-75ed6ea .elementor-heading-title{font-size:var( --e-global-typography-secondary-font-size );line-height:var( --e-global-typography-secondary-line-height );}.elementor-5974 .elementor-element.elementor-element-75ed6ea > .elementor-widget-container{margin:0px 0px 0px 0px;}}@media(max-width:767px){.elementor-5974 .elementor-element.elementor-element-2f5db09{--padding-top:200px;--padding-bottom:80px;--padding-left:0px;--padding-right:0px;}.elementor-5974 .elementor-element.elementor-element-8185f04{--margin-top:0px;--margin-bottom:0px;--margin-left:20px;--margin-right:20px;}.elementor-5974 .elementor-element.elementor-element-1762dab .elementor-heading-title{font-size:var( --e-global-typography-fe688ec-font-size );line-height:var( --e-global-typography-fe688ec-line-height );letter-spacing:var( --e-global-typography-fe688ec-letter-spacing );word-spacing:var( --e-global-typography-fe688ec-word-spacing );}.elementor-5974 .elementor-element.elementor-element-75ed6ea .elementor-heading-title{font-size:var( --e-global-typography-secondary-font-size );line-height:var( --e-global-typography-secondary-line-height );}.elementor-5974 .elementor-element.elementor-element-75ed6ea > .elementor-widget-container{margin:0px 0px 0px 0px;}}@media(min-width:768px){.elementor-5974 .elementor-element.elementor-element-2f5db09{--content-width:1200px;}.elementor-5974 .elementor-element.elementor-element-f273039{--width:31.122%;}.elementor-5974 .elementor-element.elementor-element-cccbff9{--width:50%;}.elementor-5974 .elementor-element.elementor-element-5e53005{--width:31.122%;}.elementor-5974 .elementor-element.elementor-element-a40ee44{--width:50%;}.elementor-5974 .elementor-element.elementor-element-fbdbf60{--width:31.122%;}.elementor-5974 .elementor-element.elementor-element-cc6e3f6{--width:50%;}.elementor-5974 .elementor-element.elementor-element-2c53fcb{--width:31.122%;}.elementor-5974 .elementor-element.elementor-element-c0b8197{--width:50%;}}@media(max-width:1024px) and (min-width:768px){.elementor-5974 .elementor-element.elementor-element-8185f04{--width:100%;}}<\/style>\t\t<div data-elementor-type=\"wp-page\" data-elementor-id=\"5974\" class=\"elementor elementor-5974\" data-elementor-post-type=\"page\">\n\t\t\t\t<div data-particle_enable=\"false\" data-particle-mobile-disabled=\"false\" class=\"elementor-element elementor-element-2f5db09 e-flex e-con-boxed e-con e-parent\" data-id=\"2f5db09\" data-element_type=\"container\" data-e-type=\"container\" data-settings=\"{&quot;background_background&quot;:&quot;classic&quot;}\">\n\t\t\t\t\t<div class=\"e-con-inner\">\n\t\t<div data-particle_enable=\"false\" data-particle-mobile-disabled=\"false\" class=\"elementor-element elementor-element-8185f04 e-con-full e-flex elementor-invisible e-con e-child\" data-id=\"8185f04\" data-element_type=\"container\" data-e-type=\"container\" data-settings=\"{&quot;animation&quot;:&quot;fadeIn&quot;}\">\n\t\t\t\t<div class=\"elementor-element elementor-element-1762dab elementor-invisible elementor-widget elementor-widget-heading\" data-id=\"1762dab\" data-element_type=\"widget\" data-e-type=\"widget\" data-settings=\"{&quot;_animation&quot;:&quot;fadeIn&quot;}\" data-widget_type=\"heading.default\">\n\t\t\t\t<div class=\"elementor-widget-container\">\n\t\t\t\t\t<h2 class=\"elementor-heading-title elementor-size-default\">African Bikers<\/h2>\t\t\t\t<\/div>\n\t\t\t\t<\/div>\n\t\t\t\t<div class=\"elementor-element elementor-element-75ed6ea elementor-invisible elementor-widget elementor-widget-heading\" data-id=\"75ed6ea\" data-element_type=\"widget\" data-e-type=\"widget\" data-settings=\"{&quot;_animation&quot;:&quot;fadeIn&quot;,&quot;_animation_delay&quot;:200}\" data-widget_type=\"heading.default\">\n\t\t\t\t<div class=\"elementor-widget-container\">\n\t\t\t\t\t<h2 class=\"elementor-heading-title elementor-size-default\">Bicycles<\/h2>\t\t\t\t<\/div>\n\t\t\t\t<\/div>\n\t\t\t\t<\/div>\n\t\t\t\t\t<\/div>\n\t\t\t\t<\/div>\n\t\t<div data-particle_enable=\"false\" data-particle-mobile-disabled=\"false\" class=\"elementor-element elementor-element-c30da64 e-flex e-con-boxed e-con e-parent\" data-id=\"c30da64\" data-element_type=\"container\" data-e-type=\"container\">\n\t\t\t\t\t<div class=\"e-con-inner\">\n\t\t<div data-particle_enable=\"false\" data-particle-mobile-disabled=\"false\" class=\"elementor-element elementor-element-f273039 e-con-full e-flex e-con e-child\" data-id=\"f273039\" data-element_type=\"container\" data-e-type=\"container\">\n\t\t\t\t<div class=\"elementor-element elementor-element-d19c048 elementor-widget elementor-widget-image\" data-id=\"d19c048\" data-element_type=\"widget\" data-e-type=\"widget\" data-widget_type=\"image.default\">\n\t\t\t\t<div class=\"elementor-widget-container\">\n\t\t\t\t\t\t\t\t\t\t\t\t\t\t\t<img fetchpriority=\"high\" decoding=\"async\" width=\"800\" height=\"800\" src=\"https:\/\/africanbikers.com\/wp-content\/uploads\/2024\/07\/Trek-Powerfly-7-1024x1024.png\" class=\"attachment-large size-large wp-image-7697\" alt=\"\" srcset=\"https:\/\/africanbikers.com\/wp-content\/uploads\/2024\/07\/Trek-Powerfly-7-1024x1024.png 1024w, https:\/\/africanbikers.com\/wp-content\/uploads\/2024\/07\/Trek-Powerfly-7-300x300.png 300w, https:\/\/africanbikers.com\/wp-content\/uploads\/2024\/07\/Trek-Powerfly-7-150x150.png 150w, https:\/\/africanbikers.com\/wp-content\/uploads\/2024\/07\/Trek-Powerfly-7-768x768.png 768w, https:\/\/africanbikers.com\/wp-content\/uploads\/2024\/07\/Trek-Powerfly-7-12x12.png 12w, https:\/\/africanbikers.com\/wp-content\/uploads\/2024\/07\/Trek-Powerfly-7.png 1500w\" sizes=\"(max-width: 800px) 100vw, 800px\" \/>\t\t\t\t\t\t\t\t\t\t\t\t\t\t\t<\/div>\n\t\t\t\t<\/div>\n\t\t\t\t<\/div>\n\t\t<div data-particle_enable=\"false\" data-particle-mobile-disabled=\"false\" class=\"elementor-element elementor-element-cccbff9 e-con-full e-flex e-con e-child\" data-id=\"cccbff9\" data-element_type=\"container\" data-e-type=\"container\">\n\t\t\t\t<div class=\"elementor-element elementor-element-f1400e3 elementor-widget elementor-widget-heading\" data-id=\"f1400e3\" data-element_type=\"widget\" data-e-type=\"widget\" data-widget_type=\"heading.default\">\n\t\t\t\t<div class=\"elementor-widget-container\">\n\t\t\t\t\t<h2 class=\"elementor-heading-title elementor-size-default\">E-MTB,<br \/> Trek Powerfly 7<\/h2>\t\t\t\t<\/div>\n\t\t\t\t<\/div>\n\t\t\t\t<div class=\"elementor-element elementor-element-ba39ad1 elementor-widget elementor-widget-text-editor\" data-id=\"ba39ad1\" data-element_type=\"widget\" data-e-type=\"widget\" data-widget_type=\"text-editor.default\">\n\t\t\t\t<div class=\"elementor-widget-container\">\n\t\t\t\t\t\t\t\t\t<p style=\"font-weight: 400;\">Our fleet of 35 Trek Powerflys consists of a mixture of full-suspension and front-suspension only mountain bikes. The powerful Bosch CX motor and 500W battery provide support and comfort on tarmac roads and tracks. The bikes are particularly suitable for the 12 and 18-day cycle tours on the Garden Route, but also in the east of South Africa and Eswatini, as well as in Namibia and Tanzania.<\/p>\t\t\t\t\t\t\t\t<\/div>\n\t\t\t\t<\/div>\n\t\t\t\t<\/div>\n\t\t\t\t\t<\/div>\n\t\t\t\t<\/div>\n\t\t<div data-particle_enable=\"false\" data-particle-mobile-disabled=\"false\" class=\"elementor-element elementor-element-a0e24ee e-flex e-con-boxed e-con e-parent\" data-id=\"a0e24ee\" data-element_type=\"container\" data-e-type=\"container\">\n\t\t\t\t\t<div class=\"e-con-inner\">\n\t\t<div data-particle_enable=\"false\" data-particle-mobile-disabled=\"false\" class=\"elementor-element elementor-element-5e53005 e-con-full e-flex e-con e-child\" data-id=\"5e53005\" data-element_type=\"container\" data-e-type=\"container\">\n\t\t\t\t<div class=\"elementor-element elementor-element-334c48f elementor-widget elementor-widget-image\" data-id=\"334c48f\" data-element_type=\"widget\" data-e-type=\"widget\" data-widget_type=\"image.default\">\n\t\t\t\t<div class=\"elementor-widget-container\">\n\t\t\t\t\t\t\t\t\t\t\t\t\t\t\t<img decoding=\"async\" width=\"800\" height=\"800\" src=\"https:\/\/africanbikers.com\/wp-content\/uploads\/2024\/11\/E-Bike-Tourenrad-Trek-Verve-Lowstep-1024x1024.png\" class=\"attachment-large size-large wp-image-8417\" alt=\"\" srcset=\"https:\/\/africanbikers.com\/wp-content\/uploads\/2024\/11\/E-Bike-Tourenrad-Trek-Verve-Lowstep-1024x1024.png 1024w, https:\/\/africanbikers.com\/wp-content\/uploads\/2024\/11\/E-Bike-Tourenrad-Trek-Verve-Lowstep-300x300.png 300w, https:\/\/africanbikers.com\/wp-content\/uploads\/2024\/11\/E-Bike-Tourenrad-Trek-Verve-Lowstep-150x150.png 150w, https:\/\/africanbikers.com\/wp-content\/uploads\/2024\/11\/E-Bike-Tourenrad-Trek-Verve-Lowstep-768x768.png 768w, https:\/\/africanbikers.com\/wp-content\/uploads\/2024\/11\/E-Bike-Tourenrad-Trek-Verve-Lowstep-12x12.png 12w, https:\/\/africanbikers.com\/wp-content\/uploads\/2024\/11\/E-Bike-Tourenrad-Trek-Verve-Lowstep.png 1500w\" sizes=\"(max-width: 800px) 100vw, 800px\" \/>\t\t\t\t\t\t\t\t\t\t\t\t\t\t\t<\/div>\n\t\t\t\t<\/div>\n\t\t\t\t<\/div>\n\t\t<div data-particle_enable=\"false\" data-particle-mobile-disabled=\"false\" class=\"elementor-element elementor-element-a40ee44 e-con-full e-flex e-con e-child\" data-id=\"a40ee44\" data-element_type=\"container\" data-e-type=\"container\">\n\t\t\t\t<div class=\"elementor-element elementor-element-8b9d5b1 elementor-widget elementor-widget-heading\" data-id=\"8b9d5b1\" data-element_type=\"widget\" data-e-type=\"widget\" data-widget_type=\"heading.default\">\n\t\t\t\t<div class=\"elementor-widget-container\">\n\t\t\t\t\t<h2 class=\"elementor-heading-title elementor-size-default\">E-bike touring bike, <br \/>Trek Verve Lowstep<\/h2>\t\t\t\t<\/div>\n\t\t\t\t<\/div>\n\t\t\t\t<div class=\"elementor-element elementor-element-cf00025 elementor-widget elementor-widget-text-editor\" data-id=\"cf00025\" data-element_type=\"widget\" data-e-type=\"widget\" data-widget_type=\"text-editor.default\">\n\t\t\t\t<div class=\"elementor-widget-container\">\n\t\t\t\t\t\t\t\t\t<p style=\"font-weight: 400;\">The Verve 1 Lowstep Equipped is a hybrid bike for more comfort on relaxed rides. It is based on a lightweight aluminium frame with a low step-through, comes with reliable disc brakes for all-weather braking performance and rolls on wide tyres for additional stability. A pannier rack can be fitted on request and small saddlebags can be provided. The bike is particularly suitable for use on tarmac roads and good smooth tracks, such as on the 12-day cycle tour along the Garden Route, or the pleasure tour along the Garden Route, both in South Africa.<\/p>\t\t\t\t\t\t\t\t<\/div>\n\t\t\t\t<\/div>\n\t\t\t\t<\/div>\n\t\t\t\t\t<\/div>\n\t\t\t\t<\/div>\n\t\t<div data-particle_enable=\"false\" data-particle-mobile-disabled=\"false\" class=\"elementor-element elementor-element-4e2152f e-flex e-con-boxed e-con e-parent\" data-id=\"4e2152f\" data-element_type=\"container\" data-e-type=\"container\">\n\t\t\t\t\t<div class=\"e-con-inner\">\n\t\t<div data-particle_enable=\"false\" data-particle-mobile-disabled=\"false\" class=\"elementor-element elementor-element-fbdbf60 e-con-full e-flex e-con e-child\" data-id=\"fbdbf60\" data-element_type=\"container\" data-e-type=\"container\">\n\t\t\t\t<div class=\"elementor-element elementor-element-8537755 elementor-widget elementor-widget-image\" data-id=\"8537755\" data-element_type=\"widget\" data-e-type=\"widget\" data-widget_type=\"image.default\">\n\t\t\t\t<div class=\"elementor-widget-container\">\n\t\t\t\t\t\t\t\t\t\t\t\t\t\t\t<img decoding=\"async\" width=\"800\" height=\"800\" src=\"https:\/\/africanbikers.com\/wp-content\/uploads\/2024\/07\/MTB-Trek-Hardtail-1024x1024.png\" class=\"attachment-large size-large wp-image-7706\" alt=\"\" srcset=\"https:\/\/africanbikers.com\/wp-content\/uploads\/2024\/07\/MTB-Trek-Hardtail-1024x1024.png 1024w, https:\/\/africanbikers.com\/wp-content\/uploads\/2024\/07\/MTB-Trek-Hardtail-300x300.png 300w, https:\/\/africanbikers.com\/wp-content\/uploads\/2024\/07\/MTB-Trek-Hardtail-150x150.png 150w, https:\/\/africanbikers.com\/wp-content\/uploads\/2024\/07\/MTB-Trek-Hardtail-768x768.png 768w, https:\/\/africanbikers.com\/wp-content\/uploads\/2024\/07\/MTB-Trek-Hardtail-12x12.png 12w, https:\/\/africanbikers.com\/wp-content\/uploads\/2024\/07\/MTB-Trek-Hardtail.png 1500w\" sizes=\"(max-width: 800px) 100vw, 800px\" \/>\t\t\t\t\t\t\t\t\t\t\t\t\t\t\t<\/div>\n\t\t\t\t<\/div>\n\t\t\t\t<\/div>\n\t\t<div data-particle_enable=\"false\" data-particle-mobile-disabled=\"false\" class=\"elementor-element elementor-element-cc6e3f6 e-con-full e-flex e-con e-child\" data-id=\"cc6e3f6\" data-element_type=\"container\" data-e-type=\"container\">\n\t\t\t\t<div class=\"elementor-element elementor-element-16c6ada elementor-widget elementor-widget-heading\" data-id=\"16c6ada\" data-element_type=\"widget\" data-e-type=\"widget\" data-widget_type=\"heading.default\">\n\t\t\t\t<div class=\"elementor-widget-container\">\n\t\t\t\t\t<h2 class=\"elementor-heading-title elementor-size-default\">MTB, <br> Trek Hardtail<\/h2>\t\t\t\t<\/div>\n\t\t\t\t<\/div>\n\t\t\t\t<div class=\"elementor-element elementor-element-7d89c04 elementor-widget elementor-widget-text-editor\" data-id=\"7d89c04\" data-element_type=\"widget\" data-e-type=\"widget\" data-widget_type=\"text-editor.default\">\n\t\t\t\t<div class=\"elementor-widget-container\">\n\t\t\t\t\t\t\t\t\t<p style=\"font-weight: 400;\">Our hardtail mountain bikes are particularly suitable for our tours that have a mixture of tarmac and dirt roads, such as the 12 or 18-day cycle tour along the Garden Route in South Africa, but also for the cycle tour in eastern South Africa. The wide tyres and 3\u00d710 gears guarantee a comfortable cycling experience.<\/p>\t\t\t\t\t\t\t\t<\/div>\n\t\t\t\t<\/div>\n\t\t\t\t<\/div>\n\t\t\t\t\t<\/div>\n\t\t\t\t<\/div>\n\t\t<div data-particle_enable=\"false\" data-particle-mobile-disabled=\"false\" class=\"elementor-element elementor-element-6c6e818 e-flex e-con-boxed e-con e-parent\" data-id=\"6c6e818\" data-element_type=\"container\" data-e-type=\"container\">\n\t\t\t\t\t<div class=\"e-con-inner\">\n\t\t<div data-particle_enable=\"false\" data-particle-mobile-disabled=\"false\" class=\"elementor-element elementor-element-2c53fcb e-con-full e-flex e-con e-child\" data-id=\"2c53fcb\" data-element_type=\"container\" data-e-type=\"container\">\n\t\t\t\t<div class=\"elementor-element elementor-element-80cbab2 elementor-widget elementor-widget-image\" data-id=\"80cbab2\" data-element_type=\"widget\" data-e-type=\"widget\" data-widget_type=\"image.default\">\n\t\t\t\t<div class=\"elementor-widget-container\">\n\t\t\t\t\t\t\t\t\t\t\t\t\t\t\t<img loading=\"lazy\" decoding=\"async\" width=\"800\" height=\"800\" src=\"https:\/\/africanbikers.com\/wp-content\/uploads\/2024\/07\/Trek-Emonda-S5-50-58-cm-1024x1024.jpg\" class=\"attachment-large size-large wp-image-7696\" alt=\"\" srcset=\"https:\/\/africanbikers.com\/wp-content\/uploads\/2024\/07\/Trek-Emonda-S5-50-58-cm-1024x1024.jpg 1024w, https:\/\/africanbikers.com\/wp-content\/uploads\/2024\/07\/Trek-Emonda-S5-50-58-cm-300x300.jpg 300w, https:\/\/africanbikers.com\/wp-content\/uploads\/2024\/07\/Trek-Emonda-S5-50-58-cm-150x150.jpg 150w, https:\/\/africanbikers.com\/wp-content\/uploads\/2024\/07\/Trek-Emonda-S5-50-58-cm-768x768.jpg 768w, https:\/\/africanbikers.com\/wp-content\/uploads\/2024\/07\/Trek-Emonda-S5-50-58-cm-12x12.jpg 12w, https:\/\/africanbikers.com\/wp-content\/uploads\/2024\/07\/Trek-Emonda-S5-50-58-cm.jpg 1500w\" sizes=\"(max-width: 800px) 100vw, 800px\" \/>\t\t\t\t\t\t\t\t\t\t\t\t\t\t\t<\/div>\n\t\t\t\t<\/div>\n\t\t\t\t<\/div>\n\t\t<div data-particle_enable=\"false\" data-particle-mobile-disabled=\"false\" class=\"elementor-element elementor-element-c0b8197 e-con-full e-flex e-con e-child\" data-id=\"c0b8197\" data-element_type=\"container\" data-e-type=\"container\">\n\t\t\t\t<div class=\"elementor-element elementor-element-d52a2bd elementor-widget elementor-widget-heading\" data-id=\"d52a2bd\" data-element_type=\"widget\" data-e-type=\"widget\" data-widget_type=\"heading.default\">\n\t\t\t\t<div class=\"elementor-widget-container\">\n\t\t\t\t\t<h2 class=\"elementor-heading-title elementor-size-default\">Racing bike, <br \/> Trek Emonda s5, <br \/>(50-58cm &amp; 62cm)<\/h2>\t\t\t\t<\/div>\n\t\t\t\t<\/div>\n\t\t\t\t<div class=\"elementor-element elementor-element-56e840b elementor-widget elementor-widget-text-editor\" data-id=\"56e840b\" data-element_type=\"widget\" data-e-type=\"widget\" data-widget_type=\"text-editor.default\">\n\t\t\t\t<div class=\"elementor-widget-container\">\n\t\t\t\t\t\t\t\t\t<p style=\"font-weight: 400;\">The \u00c9monda SL 5 Disc with Shimano's 105 drivetrain is a lightweight carbon road bike with balanced ride quality and superior handling that offers a real speed advantage thanks to its aerodynamic tube profiles. It is the perfect choice for our road bike tour in South Africa or the training camp. The rougher asphalt is more reminiscent of the south of France, but we fitted 25mm wide tyres so that you feel comfortable on the hilly terrain, flat windy sections and fast descents.<\/p>\t\t\t\t\t\t\t\t<\/div>\n\t\t\t\t<\/div>\n\t\t\t\t<\/div>\n\t\t\t\t\t<\/div>\n\t\t\t\t<\/div>\n\t\t\t\t<\/div>","protected":false},"excerpt":{"rendered":"<p>African Bikers Fahrr\u00e4der E-MTB, Trek Powerfly 7 Unsere Flotte aus 35 Trek Powerflys besteht aus einer Mischung aus vollgefederterten und nur vordergefederten Mountainbikes. Der kraftvolle Bosch CX Motor und die 500W Batterie bieten Unterst\u00fctzung und Komfort auf den Asphaltstrassen und Pisten. Vor allem eignen sich die R\u00e4der auf der 12 und 18 t\u00e4gigen Radreise an [&hellip;]<\/p>\n","protected":false},"author":3,"featured_media":0,"parent":0,"menu_order":0,"comment_status":"closed","ping_status":"closed","template":"elementor_header_footer","meta":{"footnotes":""},"class_list":["post-5974","page","type-page","status-publish","hentry"],"_links":{"self":[{"href":"https:\/\/africanbikers.com\/en\/wp-json\/wp\/v2\/pages\/5974","targetHints":{"allow":["GET"]}}],"collection":[{"href":"https:\/\/africanbikers.com\/en\/wp-json\/wp\/v2\/pages"}],"about":[{"href":"https:\/\/africanbikers.com\/en\/wp-json\/wp\/v2\/types\/page"}],"author":[{"embeddable":true,"href":"https:\/\/africanbikers.com\/en\/wp-json\/wp\/v2\/users\/3"}],"replies":[{"embeddable":true,"href":"https:\/\/africanbikers.com\/en\/wp-json\/wp\/v2\/comments?post=5974"}],"version-history":[{"count":0,"href":"https:\/\/africanbikers.com\/en\/wp-json\/wp\/v2\/pages\/5974\/revisions"}],"wp:attachment":[{"href":"https:\/\/africanbikers.com\/en\/wp-json\/wp\/v2\/media?parent=5974"}],"curies":[{"name":"wp","href":"https:\/\/api.w.org\/{rel}","templated":true}]}}