{"id":2630,"date":"2023-11-01T23:09:42","date_gmt":"2023-11-01T23:09:42","guid":{"rendered":"https:\/\/africanbikers.ape-marketing.net\/impressum\/"},"modified":"2023-11-08T16:32:17","modified_gmt":"2023-11-08T16:32:17","slug":"imprint-2","status":"publish","type":"page","link":"https:\/\/africanbikers.com\/en\/impressum\/","title":{"rendered":"legal notice"},"content":{"rendered":"<style>.elementor-2630 .elementor-element.elementor-element-5f89c39{--display:flex;--flex-direction:row;--container-widget-width:calc( ( 1 - var( --container-widget-flex-grow ) ) * 100% );--container-widget-height:100%;--container-widget-flex-grow:1;--container-widget-align-self:stretch;--flex-wrap-mobile:wrap;--align-items:stretch;--gap:10px 10px;--row-gap:10px;--column-gap:10px;--overlay-opacity:0.3;--padding-top:280px;--padding-bottom:100px;--padding-left:0px;--padding-right:0px;}.elementor-2630 .elementor-element.elementor-element-5f89c39:not(.elementor-motion-effects-element-type-background), .elementor-2630 .elementor-element.elementor-element-5f89c39 > .elementor-motion-effects-container > .elementor-motion-effects-layer{background-image:url(\"https:\/\/africanbikers.com\/wp-content\/uploads\/2023\/11\/imprint-1.webp\");background-position:center center;background-size:cover;}.elementor-2630 .elementor-element.elementor-element-5f89c39::before, .elementor-2630 .elementor-element.elementor-element-5f89c39 > .elementor-background-video-container::before, .elementor-2630 .elementor-element.elementor-element-5f89c39 > .e-con-inner > .elementor-background-video-container::before, .elementor-2630 .elementor-element.elementor-element-5f89c39 > .elementor-background-slideshow::before, .elementor-2630 .elementor-element.elementor-element-5f89c39 > .e-con-inner > .elementor-background-slideshow::before, .elementor-2630 .elementor-element.elementor-element-5f89c39 > .elementor-motion-effects-container > .elementor-motion-effects-layer::before{--background-overlay:'';background-color:var( --e-global-color-primary );}.elementor-2630 .elementor-element.elementor-element-ac05ebe{--display:flex;--margin-top:0px;--margin-bottom:0px;--margin-left:0px;--margin-right:0px;}.elementor-2630 .elementor-element.elementor-element-74db210{text-align:center;}.elementor-2630 .elementor-element.elementor-element-74db210 .elementor-heading-title{font-family:var( --e-global-typography-fe688ec-font-family ), Sans-serif;font-size:var( --e-global-typography-fe688ec-font-size );font-weight:var( --e-global-typography-fe688ec-font-weight );text-transform:var( --e-global-typography-fe688ec-text-transform );line-height:var( --e-global-typography-fe688ec-line-height );letter-spacing:var( --e-global-typography-fe688ec-letter-spacing );word-spacing:var( --e-global-typography-fe688ec-word-spacing );color:var( --e-global-color-accent );}.elementor-2630 .elementor-element.elementor-element-f8d9bc4{text-align:center;}.elementor-2630 .elementor-element.elementor-element-f8d9bc4 .elementor-heading-title{font-family:var( --e-global-typography-secondary-font-family ), Sans-serif;font-size:var( --e-global-typography-secondary-font-size );font-weight:var( --e-global-typography-secondary-font-weight );text-transform:var( --e-global-typography-secondary-text-transform );line-height:var( --e-global-typography-secondary-line-height );color:var( --e-global-color-secondary );}.elementor-2630 .elementor-element.elementor-element-f8d9bc4 > .elementor-widget-container{margin:0px 0px 0px 0px;}.elementor-2630 .elementor-element.elementor-element-1f63f7e{--display:flex;--flex-direction:row;--container-widget-width:calc( ( 1 - var( --container-widget-flex-grow ) ) * 100% );--container-widget-height:100%;--container-widget-flex-grow:1;--container-widget-align-self:stretch;--flex-wrap-mobile:wrap;--align-items:stretch;--gap:10px 10px;--row-gap:10px;--column-gap:10px;--padding-top:4em;--padding-bottom:4em;--padding-left:0em;--padding-right:0em;}.elementor-2630 .elementor-element.elementor-element-1f63f7e:not(.elementor-motion-effects-element-type-background), .elementor-2630 .elementor-element.elementor-element-1f63f7e > .elementor-motion-effects-container > .elementor-motion-effects-layer{background-color:#FFFFFF;}.elementor-2630 .elementor-element.elementor-element-08a4408{--display:flex;--padding-top:0px;--padding-bottom:0px;--padding-left:0px;--padding-right:0px;}:root{--page-title-display:none;}@media(min-width:768px){.elementor-2630 .elementor-element.elementor-element-08a4408{--width:100%;}}@media(max-width:1024px){.elementor-2630 .elementor-element.elementor-element-5f89c39{--padding-top:200px;--padding-bottom:80px;--padding-left:0px;--padding-right:0px;}.elementor-2630 .elementor-element.elementor-element-ac05ebe{--margin-top:0px;--margin-bottom:0px;--margin-left:20px;--margin-right:20px;}.elementor-2630 .elementor-element.elementor-element-74db210 .elementor-heading-title{font-size:var( --e-global-typography-fe688ec-font-size );line-height:var( --e-global-typography-fe688ec-line-height );letter-spacing:var( --e-global-typography-fe688ec-letter-spacing );word-spacing:var( --e-global-typography-fe688ec-word-spacing );}.elementor-2630 .elementor-element.elementor-element-f8d9bc4 .elementor-heading-title{font-size:var( --e-global-typography-secondary-font-size );line-height:var( --e-global-typography-secondary-line-height );}.elementor-2630 .elementor-element.elementor-element-f8d9bc4 > .elementor-widget-container{margin:0px 0px 0px 0px;}.elementor-2630 .elementor-element.elementor-element-1f63f7e{--flex-direction:column;--container-widget-width:100%;--container-widget-height:initial;--container-widget-flex-grow:0;--container-widget-align-self:initial;--flex-wrap-mobile:wrap;--padding-top:4em;--padding-bottom:4em;--padding-left:0em;--padding-right:0em;}.elementor-2630 .elementor-element.elementor-element-08a4408{--padding-top:0px;--padding-bottom:0px;--padding-left:0px;--padding-right:0px;}}@media(max-width:767px){.elementor-2630 .elementor-element.elementor-element-5f89c39{--padding-top:200px;--padding-bottom:80px;--padding-left:0px;--padding-right:0px;}.elementor-2630 .elementor-element.elementor-element-ac05ebe{--margin-top:0px;--margin-bottom:0px;--margin-left:20px;--margin-right:20px;}.elementor-2630 .elementor-element.elementor-element-74db210 .elementor-heading-title{font-size:var( --e-global-typography-fe688ec-font-size );line-height:var( --e-global-typography-fe688ec-line-height );letter-spacing:var( --e-global-typography-fe688ec-letter-spacing );word-spacing:var( --e-global-typography-fe688ec-word-spacing );}.elementor-2630 .elementor-element.elementor-element-f8d9bc4 .elementor-heading-title{font-size:var( --e-global-typography-secondary-font-size );line-height:var( --e-global-typography-secondary-line-height );}.elementor-2630 .elementor-element.elementor-element-f8d9bc4 > .elementor-widget-container{margin:0px 0px 0px 0px;}.elementor-2630 .elementor-element.elementor-element-1f63f7e{--padding-top:3em;--padding-bottom:3em;--padding-left:0em;--padding-right:0em;}}@media(max-width:1024px) and (min-width:768px){.elementor-2630 .elementor-element.elementor-element-ac05ebe{--width:100%;}.elementor-2630 .elementor-element.elementor-element-1f63f7e{--content-width:100%;}.elementor-2630 .elementor-element.elementor-element-08a4408{--width:100%;}}<\/style>\t\t<div data-elementor-type=\"wp-page\" data-elementor-id=\"2630\" class=\"elementor elementor-2630\" data-elementor-post-type=\"page\">\n\t\t\t\t<div data-particle_enable=\"false\" data-particle-mobile-disabled=\"false\" class=\"elementor-element elementor-element-5f89c39 e-flex e-con-boxed e-con e-parent\" data-id=\"5f89c39\" data-element_type=\"container\" data-e-type=\"container\" data-settings=\"{&quot;background_background&quot;:&quot;classic&quot;}\">\n\t\t\t\t\t<div class=\"e-con-inner\">\n\t\t<div data-particle_enable=\"false\" data-particle-mobile-disabled=\"false\" class=\"elementor-element elementor-element-ac05ebe e-con-full e-flex elementor-invisible e-con e-child\" data-id=\"ac05ebe\" data-element_type=\"container\" data-e-type=\"container\" data-settings=\"{&quot;animation&quot;:&quot;fadeIn&quot;}\">\n\t\t\t\t<div class=\"elementor-element elementor-element-74db210 elementor-invisible elementor-widget elementor-widget-heading\" data-id=\"74db210\" data-element_type=\"widget\" data-e-type=\"widget\" data-settings=\"{&quot;_animation&quot;:&quot;fadeIn&quot;}\" data-widget_type=\"heading.default\">\n\t\t\t\t<div class=\"elementor-widget-container\">\n\t\t\t\t\t<h2 class=\"elementor-heading-title elementor-size-default\">legal notice<\/h2>\t\t\t\t<\/div>\n\t\t\t\t<\/div>\n\t\t\t\t<div class=\"elementor-element elementor-element-f8d9bc4 elementor-invisible elementor-widget elementor-widget-heading\" data-id=\"f8d9bc4\" data-element_type=\"widget\" data-e-type=\"widget\" data-settings=\"{&quot;_animation&quot;:&quot;fadeIn&quot;,&quot;_animation_delay&quot;:200}\" data-widget_type=\"heading.default\">\n\t\t\t\t<div class=\"elementor-widget-container\">\n\t\t\t\t\t<h2 class=\"elementor-heading-title elementor-size-default\">legal notice<\/h2>\t\t\t\t<\/div>\n\t\t\t\t<\/div>\n\t\t\t\t<\/div>\n\t\t\t\t\t<\/div>\n\t\t\t\t<\/div>\n\t\t<div data-particle_enable=\"false\" data-particle-mobile-disabled=\"false\" class=\"elementor-element elementor-element-1f63f7e e-flex e-con-boxed e-con e-parent\" data-id=\"1f63f7e\" data-element_type=\"container\" data-e-type=\"container\" data-settings=\"{&quot;background_background&quot;:&quot;classic&quot;}\">\n\t\t\t\t\t<div class=\"e-con-inner\">\n\t\t<div data-particle_enable=\"false\" data-particle-mobile-disabled=\"false\" class=\"elementor-element elementor-element-08a4408 e-con-full e-flex e-con e-child\" data-id=\"08a4408\" data-element_type=\"container\" data-e-type=\"container\">\n\t\t\t\t<div class=\"elementor-element elementor-element-6c85baf elementor-widget elementor-widget-text-editor\" data-id=\"6c85baf\" data-element_type=\"widget\" data-e-type=\"widget\" data-widget_type=\"text-editor.default\">\n\t\t\t\t<div class=\"elementor-widget-container\">\n\t\t\t\t\t\t\t\t\t<div class=\"uk-grid tm-grid-expand uk-child-width-1-1 uk-grid-margin\"><div class=\"uk-width-1-1@m\"><p>Responsible editor:<\/p><p>African Bikers GmbH<br \/>K\u00f6nigsbacher Strasse 34<br \/>76327 Pfinztal<\/p><p>Germany<\/p><p>Telephone +49 \u2013 (0)6221-6478115<br \/>Fax +49 \u2013 (0)6221-6536371<\/p><p><a href=\"mailto:info@africanbikers.de\">info@africanbikers.de<\/a><\/p><p>Authorized representative:<br \/>Jens Deister, Andreas Lappe<\/p><p>Commercial register entry at the Mannheim District Court:\u00a0<span class=\"caps\">HRB<\/span>\u00a0730431<br \/>VAT ID: DE319111507<\/p><p>Office opening hours:<br \/>Monday to Friday 09:00 to 17:00<\/p><h3>Conception and realization<\/h3><p>African Bikers GmbH, 69115 Heidelberg<\/p><h3>Disclaimer<\/h3><p>All information is provided to the best of our knowledge and with the utmost care, but without guarantee; in particular, no guarantees are given for prices or the availability of travel dates.<\/p><p>We are grateful for your comments, requests regarding the content or suggestions for problems. You can contact our staff directly.<\/p><p>No liability is accepted for unsolicited contributions. Use is at your own risk.<\/p><p>As a precautionary measure, we hereby distance ourselves from all content outside of our internet server to which reference is made within our offer.<\/p><\/div><\/div>\t\t\t\t\t\t\t\t<\/div>\n\t\t\t\t<\/div>\n\t\t\t\t<\/div>\n\t\t\t\t\t<\/div>\n\t\t\t\t<\/div>\n\t\t\t\t<\/div>","protected":false},"excerpt":{"rendered":"<p>Impressum Impressum Verantwortlicher Herausgeber: African Bikers GmbHK\u00f6nigsbacher Stra\u00dfe 3476327 Pfinztal Deutschland Telefon +49 \u2013 (0)6221-6478115Telefax +49 \u2013 (0)6221-6536371 info@africanbikers.de Vertretungsberechtigt:Jens Deister, Andreas Lappe Handelsregistereintrag Amtsgericht Mannheim:\u00a0HRB\u00a0730431USt-ID: DE319111507 B\u00fcro-\u00d6ffnungszeiten:Montags bis Freitags 09:00 bis 17:00 Konzeption und Realisation African Bikers GmbH, 69115 Heidelberg Haftungsausschluss Alle Angaben nach bestem Wissen und sorgf\u00e4ltigster Pr\u00fcfung, jedoch ohne Gew\u00e4hr; insbesondere nicht [&hellip;]<\/p>\n","protected":false},"author":3,"featured_media":0,"parent":0,"menu_order":0,"comment_status":"closed","ping_status":"closed","template":"","meta":{"footnotes":""},"class_list":["post-2630","page","type-page","status-publish","hentry"],"_links":{"self":[{"href":"https:\/\/africanbikers.com\/en\/wp-json\/wp\/v2\/pages\/2630","targetHints":{"allow":["GET"]}}],"collection":[{"href":"https:\/\/africanbikers.com\/en\/wp-json\/wp\/v2\/pages"}],"about":[{"href":"https:\/\/africanbikers.com\/en\/wp-json\/wp\/v2\/types\/page"}],"author":[{"embeddable":true,"href":"https:\/\/africanbikers.com\/en\/wp-json\/wp\/v2\/users\/3"}],"replies":[{"embeddable":true,"href":"https:\/\/africanbikers.com\/en\/wp-json\/wp\/v2\/comments?post=2630"}],"version-history":[{"count":0,"href":"https:\/\/africanbikers.com\/en\/wp-json\/wp\/v2\/pages\/2630\/revisions"}],"wp:attachment":[{"href":"https:\/\/africanbikers.com\/en\/wp-json\/wp\/v2\/media?parent=2630"}],"curies":[{"name":"wp","href":"https:\/\/api.w.org\/{rel}","templated":true}]}}